{"id":32,"date":"2023-11-03T05:07:45","date_gmt":"2023-11-03T04:07:45","guid":{"rendered":"https:\/\/steelblue-dotterel-416190.hostingersite.com\/?page_id=32"},"modified":"2025-07-12T13:30:07","modified_gmt":"2025-07-12T11:30:07","slug":"nosotros","status":"publish","type":"page","link":"https:\/\/www.nextsuz.com.nsuzstudio.com\/index.php\/nosotros\/","title":{"rendered":"NOSOTROS"},"content":{"rendered":"\t\t<div data-elementor-type=\"wp-page\" data-elementor-id=\"32\" class=\"elementor elementor-32\" data-elementor-post-type=\"page\">\n\t\t\t\t<div class=\"elementor-element elementor-element-43c6b76 e-flex e-con-boxed e-con e-parent\" data-id=\"43c6b76\" data-element_type=\"container\" data-settings=\"{&quot;background_background&quot;:&quot;classic&quot;}\">\n\t\t\t\t\t<div class=\"e-con-inner\">\n\t\t<div class=\"elementor-element elementor-element-bcd0fb7 e-con-full e-flex e-con e-child\" data-id=\"bcd0fb7\" data-element_type=\"container\">\n\t\t\t\t<div class=\"elementor-element elementor-element-5c8bff4 elementor-widget elementor-widget-heading\" data-id=\"5c8bff4\" data-element_type=\"widget\" data-widget_type=\"heading.default\">\n\t\t\t\t<div class=\"elementor-widget-container\">\n\t\t\t\t\t<h1 class=\"elementor-heading-title elementor-size-default\">Nosotros<\/h1>\t\t\t\t<\/div>\n\t\t\t\t<\/div>\n\t\t\t\t<\/div>\n\t\t\t\t\t<\/div>\n\t\t\t\t<\/div>\n\t\t<div class=\"elementor-element elementor-element-5bcb6e3 e-flex e-con-boxed e-con e-parent\" data-id=\"5bcb6e3\" data-element_type=\"container\">\n\t\t\t\t\t<div class=\"e-con-inner\">\n\t\t<div class=\"elementor-element elementor-element-6294e8f e-con-full e-flex e-con e-child\" data-id=\"6294e8f\" data-element_type=\"container\">\n\t\t\t\t<div class=\"elementor-element elementor-element-e0e3e5f elementor-widget elementor-widget-image\" data-id=\"e0e3e5f\" data-element_type=\"widget\" data-widget_type=\"image.default\">\n\t\t\t\t<div class=\"elementor-widget-container\">\n\t\t\t\t\t\t\t\t\t\t\t\t\t\t\t<img fetchpriority=\"high\" decoding=\"async\" width=\"603\" height=\"901\" src=\"https:\/\/www.nextsuz.com.nsuzstudio.com\/wp-content\/uploads\/2025\/07\/Sin-titulo-4-20.png\" class=\"attachment-large size-large wp-image-2080\" alt=\"\" srcset=\"http:\/\/nextsuz.com\/wp-content\/uploads\/2025\/07\/Sin-titulo-4-20.png 603w, http:\/\/nextsuz.com\/wp-content\/uploads\/2025\/07\/Sin-titulo-4-20-201x300.png 201w\" sizes=\"(max-width: 603px) 100vw, 603px\" \/>\t\t\t\t\t\t\t\t\t\t\t\t\t\t\t<\/div>\n\t\t\t\t<\/div>\n\t\t\t\t<\/div>\n\t\t<div class=\"elementor-element elementor-element-f310879 e-con-full e-flex e-con e-child\" data-id=\"f310879\" data-element_type=\"container\">\n\t\t\t\t<div class=\"elementor-element elementor-element-1d3ad6f elementor-widget elementor-widget-text-editor\" data-id=\"1d3ad6f\" data-element_type=\"widget\" data-widget_type=\"text-editor.default\">\n\t\t\t\t<div class=\"elementor-widget-container\">\n\t\t\t\t\t\t\t\t\t<p>\u00a0<\/p><p style=\"text-align: left;\"><strong>Misi\u00f3n<\/strong><br \/>Ofrecer soluciones confiables y de alto nivel t\u00e9cnico en electricidad, telecomunicaciones y mantenimiento integral, ajustadas a las necesidades reales de cada cliente. Nuestro compromiso es brindar servicios seguros, eficientes y sostenibles que aporten valor en cada fase del proyecto.<\/p><p style=\"text-align: left;\"><strong>Visi\u00f3n<\/strong><br \/>Consolidarnos como una empresa l\u00edder en servicios t\u00e9cnicos integrales, destacando por nuestra capacidad de innovaci\u00f3n, cercan\u00eda con el cliente y enfoque en la sostenibilidad. Queremos ser un referente en la transformaci\u00f3n energ\u00e9tica y tecnol\u00f3gica del pa\u00eds, conectando personas, empresas y el futuro.<\/p>\t\t\t\t\t\t\t\t<\/div>\n\t\t\t\t<\/div>\n\t\t\t\t<\/div>\n\t\t<div class=\"elementor-element elementor-element-9fe7721 e-con-full e-flex e-con e-child\" data-id=\"9fe7721\" data-element_type=\"container\">\n\t\t\t\t<div class=\"elementor-element elementor-element-087ff57 elementor-widget elementor-widget-image\" data-id=\"087ff57\" data-element_type=\"widget\" data-widget_type=\"image.default\">\n\t\t\t\t<div class=\"elementor-widget-container\">\n\t\t\t\t\t\t\t\t\t\t\t\t\t\t\t<img decoding=\"async\" width=\"603\" height=\"901\" src=\"https:\/\/www.nextsuz.com.nsuzstudio.com\/wp-content\/uploads\/2025\/07\/Sin-titulo-4-21.png\" class=\"attachment-large size-large wp-image-2081\" alt=\"\" srcset=\"http:\/\/nextsuz.com\/wp-content\/uploads\/2025\/07\/Sin-titulo-4-21.png 603w, http:\/\/nextsuz.com\/wp-content\/uploads\/2025\/07\/Sin-titulo-4-21-201x300.png 201w\" sizes=\"(max-width: 603px) 100vw, 603px\" \/>\t\t\t\t\t\t\t\t\t\t\t\t\t\t\t<\/div>\n\t\t\t\t<\/div>\n\t\t\t\t<\/div>\n\t\t\t\t\t<\/div>\n\t\t\t\t<\/div>\n\t\t<div class=\"elementor-element elementor-element-1b68afb e-flex e-con-boxed e-con e-parent\" data-id=\"1b68afb\" data-element_type=\"container\">\n\t\t\t\t\t<div class=\"e-con-inner\">\n\t\t<div class=\"elementor-element elementor-element-dc3e9b2 e-con-full e-flex e-con e-child\" data-id=\"dc3e9b2\" data-element_type=\"container\">\n\t\t\t\t<div class=\"elementor-element elementor-element-e7153a2 elementor-widget elementor-widget-image\" data-id=\"e7153a2\" data-element_type=\"widget\" data-widget_type=\"image.default\">\n\t\t\t\t<div class=\"elementor-widget-container\">\n\t\t\t\t\t\t\t\t\t\t\t\t\t\t\t<img decoding=\"async\" width=\"603\" height=\"901\" src=\"https:\/\/www.nextsuz.com.nsuzstudio.com\/wp-content\/uploads\/2025\/07\/Sin-titulo-4-23.png\" class=\"attachment-large size-large wp-image-2083\" alt=\"\" srcset=\"http:\/\/nextsuz.com\/wp-content\/uploads\/2025\/07\/Sin-titulo-4-23.png 603w, http:\/\/nextsuz.com\/wp-content\/uploads\/2025\/07\/Sin-titulo-4-23-201x300.png 201w\" sizes=\"(max-width: 603px) 100vw, 603px\" \/>\t\t\t\t\t\t\t\t\t\t\t\t\t\t\t<\/div>\n\t\t\t\t<\/div>\n\t\t\t\t<\/div>\n\t\t<div class=\"elementor-element elementor-element-5d033b3 e-con-full e-flex e-con e-child\" data-id=\"5d033b3\" data-element_type=\"container\">\n\t\t\t\t<div class=\"elementor-element elementor-element-98f029f elementor-widget elementor-widget-text-editor\" data-id=\"98f029f\" data-element_type=\"widget\" data-widget_type=\"text-editor.default\">\n\t\t\t\t<div class=\"elementor-widget-container\">\n\t\t\t\t\t\t\t\t\t<p style=\"text-align: left;\"><strong>Valores<\/strong><br \/>Excelencia t\u00e9cnica: Trabajamos con precisi\u00f3n, calidad y una constante actualizaci\u00f3n en normativas y tecnolog\u00edas.<\/p><p style=\"text-align: left;\">Compromiso real: Nos encargamos de cada proyecto, grande o peque\u00f1o, con dedicaci\u00f3n y responsabilidad.<\/p><p style=\"text-align: left;\">Transparencia: Comunicamos de manera clara y honesta, generando relaciones de confianza.<\/p><p style=\"text-align: left;\">Sostenibilidad: Promovemos soluciones energ\u00e9ticas eficientes y respetuosas con el medio ambiente.<\/p><p style=\"text-align: left;\">Cercan\u00eda y colaboraci\u00f3n: Escuchamos, acompa\u00f1amos y buscamos siempre soluciones en conjunto con nuestros clientes.<\/p><p style=\"text-align: left;\">Seguridad: Priorizamos entornos seguros para nuestros equipos, clientes y comunidades.<\/p>\t\t\t\t\t\t\t\t<\/div>\n\t\t\t\t<\/div>\n\t\t\t\t<\/div>\n\t\t<div class=\"elementor-element elementor-element-4f34839 e-con-full e-flex e-con e-child\" data-id=\"4f34839\" data-element_type=\"container\">\n\t\t\t\t<div class=\"elementor-element elementor-element-90954a1 elementor-widget elementor-widget-image\" data-id=\"90954a1\" data-element_type=\"widget\" data-widget_type=\"image.default\">\n\t\t\t\t<div class=\"elementor-widget-container\">\n\t\t\t\t\t\t\t\t\t\t\t\t\t\t\t<img loading=\"lazy\" decoding=\"async\" width=\"603\" height=\"901\" src=\"https:\/\/www.nextsuz.com.nsuzstudio.com\/wp-content\/uploads\/2025\/07\/Sin-titulo-4-22.png\" class=\"attachment-large size-large wp-image-2082\" alt=\"\" srcset=\"http:\/\/nextsuz.com\/wp-content\/uploads\/2025\/07\/Sin-titulo-4-22.png 603w, http:\/\/nextsuz.com\/wp-content\/uploads\/2025\/07\/Sin-titulo-4-22-201x300.png 201w\" sizes=\"(max-width: 603px) 100vw, 603px\" \/>\t\t\t\t\t\t\t\t\t\t\t\t\t\t\t<\/div>\n\t\t\t\t<\/div>\n\t\t\t\t<\/div>\n\t\t\t\t\t<\/div>\n\t\t\t\t<\/div>\n\t\t<div class=\"elementor-element elementor-element-2c586ea e-flex e-con-boxed e-con e-parent\" data-id=\"2c586ea\" data-element_type=\"container\">\n\t\t\t\t\t<div class=\"e-con-inner\">\n\t\t\t\t<div class=\"elementor-element elementor-element-13da4c7 elementor-widget elementor-widget-html\" data-id=\"13da4c7\" data-element_type=\"widget\" data-widget_type=\"html.default\">\n\t\t\t\t<div class=\"elementor-widget-container\">\n\t\t\t\t\t<iframe src=\"https:\/\/www.google.com\/maps\/embed?pb=!1m18!1m12!1m3!1d194348.23369114182!2d-3.844345757203254!3d40.43783728267848!2m3!1f0!2f0!3f0!3m2!1i1024!2i768!4f13.1!3m3!1m2!1s0xd422997800a3c81%3A0xc436dec1618c2269!2zTWFkcmlkLCBFc3Bhw7Fh!5e0!3m2!1ses!2scl!4v1744944902225!5m2!1ses!2scl\" width=\"600\" height=\"450\" style=\"border:0;\" allowfullscreen=\"\" loading=\"lazy\" referrerpolicy=\"no-referrer-when-downgrade\"><\/iframe>\t\t\t\t<\/div>\n\t\t\t\t<\/div>\n\t\t\t\t\t<\/div>\n\t\t\t\t<\/div>\n\t\t<div class=\"elementor-element elementor-element-3d59877 e-grid e-con-full elementor-hidden-mobile e-con e-parent\" data-id=\"3d59877\" data-element_type=\"container\">\n\t\t\t\t<div class=\"elementor-element elementor-element-0c16a1b elementor-widget elementor-widget-image\" data-id=\"0c16a1b\" data-element_type=\"widget\" data-widget_type=\"image.default\">\n\t\t\t\t<div class=\"elementor-widget-container\">\n\t\t\t\t\t\t\t\t\t\t\t\t\t\t\t<img loading=\"lazy\" decoding=\"async\" width=\"360\" height=\"603\" src=\"https:\/\/www.nextsuz.com.nsuzstudio.com\/wp-content\/uploads\/2025\/07\/cuidad_fondo_slice_1.png\" class=\"attachment-large size-large wp-image-2119\" alt=\"\" srcset=\"http:\/\/nextsuz.com\/wp-content\/uploads\/2025\/07\/cuidad_fondo_slice_1.png 360w, http:\/\/nextsuz.com\/wp-content\/uploads\/2025\/07\/cuidad_fondo_slice_1-179x300.png 179w\" sizes=\"(max-width: 360px) 100vw, 360px\" \/>\t\t\t\t\t\t\t\t\t\t\t\t\t\t\t<\/div>\n\t\t\t\t<\/div>\n\t\t\t\t<div class=\"elementor-element elementor-element-7842c09 elementor-widget elementor-widget-image\" data-id=\"7842c09\" data-element_type=\"widget\" data-widget_type=\"image.default\">\n\t\t\t\t<div class=\"elementor-widget-container\">\n\t\t\t\t\t\t\t\t\t\t\t\t\t\t\t<img loading=\"lazy\" decoding=\"async\" width=\"360\" height=\"603\" src=\"https:\/\/www.nextsuz.com.nsuzstudio.com\/wp-content\/uploads\/2025\/07\/cuidad_fondo_slice_2.png\" class=\"attachment-large size-large wp-image-2120\" alt=\"\" srcset=\"http:\/\/nextsuz.com\/wp-content\/uploads\/2025\/07\/cuidad_fondo_slice_2.png 360w, http:\/\/nextsuz.com\/wp-content\/uploads\/2025\/07\/cuidad_fondo_slice_2-179x300.png 179w\" sizes=\"(max-width: 360px) 100vw, 360px\" \/>\t\t\t\t\t\t\t\t\t\t\t\t\t\t\t<\/div>\n\t\t\t\t<\/div>\n\t\t\t\t<div class=\"elementor-element elementor-element-836819e elementor-widget elementor-widget-image\" data-id=\"836819e\" data-element_type=\"widget\" data-widget_type=\"image.default\">\n\t\t\t\t<div class=\"elementor-widget-container\">\n\t\t\t\t\t\t\t\t\t\t\t\t\t\t\t<img loading=\"lazy\" decoding=\"async\" width=\"360\" height=\"603\" src=\"https:\/\/www.nextsuz.com.nsuzstudio.com\/wp-content\/uploads\/2025\/07\/cuidad_fondo_slice_3.png\" class=\"attachment-large size-large wp-image-2121\" alt=\"\" srcset=\"http:\/\/nextsuz.com\/wp-content\/uploads\/2025\/07\/cuidad_fondo_slice_3.png 360w, http:\/\/nextsuz.com\/wp-content\/uploads\/2025\/07\/cuidad_fondo_slice_3-179x300.png 179w\" sizes=\"(max-width: 360px) 100vw, 360px\" \/>\t\t\t\t\t\t\t\t\t\t\t\t\t\t\t<\/div>\n\t\t\t\t<\/div>\n\t\t\t\t<div class=\"elementor-element elementor-element-385fa98 elementor-widget elementor-widget-image\" data-id=\"385fa98\" data-element_type=\"widget\" data-widget_type=\"image.default\">\n\t\t\t\t<div class=\"elementor-widget-container\">\n\t\t\t\t\t\t\t\t\t\t\t\t\t\t\t<img loading=\"lazy\" decoding=\"async\" width=\"360\" height=\"603\" src=\"https:\/\/www.nextsuz.com.nsuzstudio.com\/wp-content\/uploads\/2025\/07\/cuidad_fondo_slice_4.png\" class=\"attachment-large size-large wp-image-2122\" alt=\"\" srcset=\"http:\/\/nextsuz.com\/wp-content\/uploads\/2025\/07\/cuidad_fondo_slice_4.png 360w, http:\/\/nextsuz.com\/wp-content\/uploads\/2025\/07\/cuidad_fondo_slice_4-179x300.png 179w\" sizes=\"(max-width: 360px) 100vw, 360px\" \/>\t\t\t\t\t\t\t\t\t\t\t\t\t\t\t<\/div>\n\t\t\t\t<\/div>\n\t\t\t\t<div class=\"elementor-element elementor-element-ad21e82 elementor-widget elementor-widget-image\" data-id=\"ad21e82\" data-element_type=\"widget\" data-widget_type=\"image.default\">\n\t\t\t\t<div class=\"elementor-widget-container\">\n\t\t\t\t\t\t\t\t\t\t\t\t\t\t\t<img loading=\"lazy\" decoding=\"async\" width=\"360\" height=\"603\" src=\"https:\/\/www.nextsuz.com.nsuzstudio.com\/wp-content\/uploads\/2025\/07\/cuidad_fondo_slice_5.png\" class=\"attachment-large size-large wp-image-2123\" alt=\"\" srcset=\"http:\/\/nextsuz.com\/wp-content\/uploads\/2025\/07\/cuidad_fondo_slice_5.png 360w, http:\/\/nextsuz.com\/wp-content\/uploads\/2025\/07\/cuidad_fondo_slice_5-179x300.png 179w\" sizes=\"(max-width: 360px) 100vw, 360px\" \/>\t\t\t\t\t\t\t\t\t\t\t\t\t\t\t<\/div>\n\t\t\t\t<\/div>\n\t\t\t\t<\/div>\n\t\t\t\t<\/div>\n\t\t","protected":false},"excerpt":{"rendered":"<p>Nosotros \u00a0 Misi\u00f3nOfrecer soluciones confiables y de alto nivel t\u00e9cnico en electricidad, telecomunicaciones y mantenimiento integral, ajustadas a las necesidades reales de cada cliente. Nuestro compromiso es brindar servicios seguros, eficientes y sostenibles que aporten valor en cada fase del proyecto. Visi\u00f3nConsolidarnos como una empresa l\u00edder en servicios t\u00e9cnicos integrales, destacando por nuestra capacidad de [&hellip;]<\/p>\n","protected":false},"author":2,"featured_media":0,"parent":0,"menu_order":0,"comment_status":"closed","ping_status":"closed","template":"","meta":{"_joinchat":[],"footnotes":""},"class_list":["post-32","page","type-page","status-publish","hentry"],"_links":{"self":[{"href":"https:\/\/www.nextsuz.com.nsuzstudio.com\/index.php\/wp-json\/wp\/v2\/pages\/32","targetHints":{"allow":["GET"]}}],"collection":[{"href":"https:\/\/www.nextsuz.com.nsuzstudio.com\/index.php\/wp-json\/wp\/v2\/pages"}],"about":[{"href":"https:\/\/www.nextsuz.com.nsuzstudio.com\/index.php\/wp-json\/wp\/v2\/types\/page"}],"author":[{"embeddable":true,"href":"https:\/\/www.nextsuz.com.nsuzstudio.com\/index.php\/wp-json\/wp\/v2\/users\/2"}],"replies":[{"embeddable":true,"href":"https:\/\/www.nextsuz.com.nsuzstudio.com\/index.php\/wp-json\/wp\/v2\/comments?post=32"}],"version-history":[{"count":98,"href":"https:\/\/www.nextsuz.com.nsuzstudio.com\/index.php\/wp-json\/wp\/v2\/pages\/32\/revisions"}],"predecessor-version":[{"id":2129,"href":"https:\/\/www.nextsuz.com.nsuzstudio.com\/index.php\/wp-json\/wp\/v2\/pages\/32\/revisions\/2129"}],"wp:attachment":[{"href":"https:\/\/www.nextsuz.com.nsuzstudio.com\/index.php\/wp-json\/wp\/v2\/media?parent=32"}],"curies":[{"name":"wp","href":"https:\/\/api.w.org\/{rel}","templated":true}]}}